{"id":1350,"date":"2025-08-07T07:50:38","date_gmt":"2025-08-07T05:50:38","guid":{"rendered":"https:\/\/www.amdama-arts.ch\/wordpress\/?post_type=product&#038;p=1350"},"modified":"2025-10-03T23:03:37","modified_gmt":"2025-10-03T21:03:37","slug":"yaoi-generation-2025-gold","status":"publish","type":"product","link":"https:\/\/www.amdama-arts.ch\/wordpress\/produit\/yaoi-generation-2025-gold\/","title":{"rendered":"Yaoi Generation 2025 &#8211; Gold"},"content":{"rendered":"<p>Organizer website: yaoi-generation.ch<\/p>\n<p class=\"rich-text-component css-1g5t2dl e1wnkr790\"><span class=\"css-ejignk eu4oa1w0\">Date of the event: October 04, 2025 (Saturday)<\/span><br \/>\n<span class=\"css-ejignk eu4oa1w0\">Time: 11h to 18h<\/span><br \/>\n<span class=\"css-ejignk eu4oa1w0\">Location: Casino de Montbenon (All. Ernest-Ansermet 3, 1003 Lausanne)<\/span><\/p>\n","protected":false},"excerpt":{"rendered":"<p>Billet d&#8217;entr\u00e9e avec quelques cadeaux et acc\u00e8s \u00e0 la projection de clips K-pop, de films BL, de mangas et de stands de cr\u00e9ateurs, au Butler Caf\u00e9, au spectacle de danse et aux animations de la journ\u00e9e.<\/p>\n<ul>\n<li>3 pins<\/li>\n<li>Marques-pages<\/li>\n<li>3 posters A3<\/li>\n<li>Un bon pour une p\u00e2tisserie + une boisson au choix (sauf Bubble Tea) au Butler Caf\u00e9<\/li>\n<li>1 manga Yaoi de votre choix sur le stand de Tanigami<\/li>\n<\/ul>\n<p>&#8212;&#8212;&#8212;&#8212;&#8212;&#8212;&#8212;&#8212;&#8212;&#8212;&#8212;&#8212;&#8212;<\/p>\n<p><span class=\"HwtZe\" lang=\"en\"><span class=\"jCAhz ChMk0b\"><span class=\"ryNqvb\">Entrance ticket with some goodies and access to the screening of K-pop clips, BL films, manga and designer stands, Butler Caf\u00e9, dance show and daytime entertainment.<\/span><\/span><\/span><\/p>\n<ul>\n<li><span class=\"HwtZe\" lang=\"en\"> <span class=\"jCAhz ChMk0b\"><span class=\"ryNqvb\">3 pins<\/span><\/span> <\/span><\/li>\n<li><span class=\"HwtZe\" lang=\"en\"><span class=\"jCAhz ChMk0b\"><span class=\"ryNqvb\">Bookmarks<\/span><\/span> <\/span><\/li>\n<li><span class=\"HwtZe\" lang=\"en\"><span class=\"jCAhz ChMk0b\"><span class=\"ryNqvb\">3 A3\u2032 posters<\/span><\/span><\/span><\/li>\n<li><span class=\"HwtZe\" lang=\"en\"><span class=\"jCAhz ChMk0b\"><span class=\"ryNqvb\">A voucher for a pastry + a drink of your choice (except Bubble Tea) at the Butler Caf\u00e9<\/span><\/span> <\/span><\/li>\n<li><span class=\"HwtZe\" lang=\"en\"><span class=\"jCAhz ChMk0b\"><span class=\"ryNqvb\">1 Yaoi manga of your choice at the Tanigami stand<\/span><\/span><\/span><\/li>\n<\/ul>\n","protected":false},"featured_media":1247,"comment_status":"open","ping_status":"closed","template":"","meta":[],"product_brand":[],"product_cat":[46,42],"product_tag":[],"class_list":{"0":"post-1350","1":"product","2":"type-product","3":"status-publish","4":"has-post-thumbnail","6":"product_cat-events","7":"product_cat-yaoi-generation-ch","8":"product_shipping_class-virtual","10":"first","11":"outofstock","12":"virtual","13":"purchasable","14":"product-type-simple"},"yoast_head":"<!-- This site is optimized with the Yoast SEO plugin v27.4 - https:\/\/yoast.com\/product\/yoast-seo-wordpress\/ -->\n<title>Yaoi Generation 2025 - Gold - Amdama Arts<\/title>\n<meta name=\"robots\" content=\"index, follow, max-snippet:-1, max-image-preview:large, max-video-preview:-1\" \/>\n<link rel=\"canonical\" href=\"https:\/\/www.amdama-arts.ch\/wordpress\/produit\/yaoi-generation-2025-gold\/\" \/>\n<meta property=\"og:locale\" content=\"en_US\" \/>\n<meta property=\"og:type\" content=\"article\" \/>\n<meta property=\"og:title\" content=\"Yaoi Generation 2025 - Gold - Amdama Arts\" \/>\n<meta property=\"og:description\" content=\"Billet d&#039;entr\u00e9e avec quelques cadeaux et acc\u00e8s \u00e0 la projection de clips K-pop, de films BL, de mangas et de stands de cr\u00e9ateurs, au Butler Caf\u00e9, au spectacle de danse et aux animations de la journ\u00e9e.   3 pins  Marques-pages  3 posters A3  Un bon pour une p\u00e2tisserie + une boisson au choix (sauf Bubble Tea) au Butler Caf\u00e9  1 manga Yaoi de votre choix sur le stand de Tanigami  ---------------------------------------  Entrance ticket with some goodies and access to the screening of K-pop clips, BL films, manga and designer stands, Butler Caf\u00e9, dance show and daytime entertainment.    3 pins   Bookmarks   3 A3\u2032 posters  A voucher for a pastry + a drink of your choice (except Bubble Tea) at the Butler Caf\u00e9   1 Yaoi manga of your choice at the Tanigami stand\" \/>\n<meta property=\"og:url\" content=\"https:\/\/www.amdama-arts.ch\/wordpress\/produit\/yaoi-generation-2025-gold\/\" \/>\n<meta property=\"og:site_name\" content=\"Amdama Arts\" \/>\n<meta property=\"article:modified_time\" content=\"2025-10-03T21:03:37+00:00\" \/>\n<meta property=\"og:image\" content=\"https:\/\/www.amdama-arts.ch\/wordpress\/wp-content\/uploads\/2024\/08\/gold.jpeg\" \/>\n\t<meta property=\"og:image:width\" content=\"480\" \/>\n\t<meta property=\"og:image:height\" content=\"480\" \/>\n\t<meta property=\"og:image:type\" content=\"image\/jpeg\" \/>\n<meta name=\"twitter:card\" content=\"summary_large_image\" \/>\n<meta name=\"twitter:label1\" content=\"Est. reading time\" \/>\n\t<meta name=\"twitter:data1\" content=\"1 minute\" \/>\n<script type=\"application\/ld+json\" class=\"yoast-schema-graph\">{\"@context\":\"https:\\\/\\\/schema.org\",\"@graph\":[{\"@type\":\"WebPage\",\"@id\":\"https:\\\/\\\/www.amdama-arts.ch\\\/wordpress\\\/produit\\\/yaoi-generation-2025-gold\\\/\",\"url\":\"https:\\\/\\\/www.amdama-arts.ch\\\/wordpress\\\/produit\\\/yaoi-generation-2025-gold\\\/\",\"name\":\"Yaoi Generation 2025 - Gold - Amdama Arts\",\"isPartOf\":{\"@id\":\"https:\\\/\\\/www.amdama-arts.ch\\\/wordpress\\\/#website\"},\"primaryImageOfPage\":{\"@id\":\"https:\\\/\\\/www.amdama-arts.ch\\\/wordpress\\\/produit\\\/yaoi-generation-2025-gold\\\/#primaryimage\"},\"image\":{\"@id\":\"https:\\\/\\\/www.amdama-arts.ch\\\/wordpress\\\/produit\\\/yaoi-generation-2025-gold\\\/#primaryimage\"},\"thumbnailUrl\":\"https:\\\/\\\/www.amdama-arts.ch\\\/wordpress\\\/wp-content\\\/uploads\\\/2024\\\/08\\\/gold.jpeg\",\"datePublished\":\"2025-08-07T05:50:38+00:00\",\"dateModified\":\"2025-10-03T21:03:37+00:00\",\"breadcrumb\":{\"@id\":\"https:\\\/\\\/www.amdama-arts.ch\\\/wordpress\\\/produit\\\/yaoi-generation-2025-gold\\\/#breadcrumb\"},\"inLanguage\":\"en-US\",\"potentialAction\":[{\"@type\":\"ReadAction\",\"target\":[\"https:\\\/\\\/www.amdama-arts.ch\\\/wordpress\\\/produit\\\/yaoi-generation-2025-gold\\\/\"]}]},{\"@type\":\"ImageObject\",\"inLanguage\":\"en-US\",\"@id\":\"https:\\\/\\\/www.amdama-arts.ch\\\/wordpress\\\/produit\\\/yaoi-generation-2025-gold\\\/#primaryimage\",\"url\":\"https:\\\/\\\/www.amdama-arts.ch\\\/wordpress\\\/wp-content\\\/uploads\\\/2024\\\/08\\\/gold.jpeg\",\"contentUrl\":\"https:\\\/\\\/www.amdama-arts.ch\\\/wordpress\\\/wp-content\\\/uploads\\\/2024\\\/08\\\/gold.jpeg\",\"width\":480,\"height\":480},{\"@type\":\"BreadcrumbList\",\"@id\":\"https:\\\/\\\/www.amdama-arts.ch\\\/wordpress\\\/produit\\\/yaoi-generation-2025-gold\\\/#breadcrumb\",\"itemListElement\":[{\"@type\":\"ListItem\",\"position\":1,\"name\":\"Home\",\"item\":\"https:\\\/\\\/www.amdama-arts.ch\\\/wordpress\\\/\"},{\"@type\":\"ListItem\",\"position\":2,\"name\":\"Shop\",\"item\":\"https:\\\/\\\/www.amdama-arts.ch\\\/wordpress\\\/shop\\\/\"},{\"@type\":\"ListItem\",\"position\":3,\"name\":\"Yaoi Generation 2025 &#8211; Gold\"}]},{\"@type\":\"WebSite\",\"@id\":\"https:\\\/\\\/www.amdama-arts.ch\\\/wordpress\\\/#website\",\"url\":\"https:\\\/\\\/www.amdama-arts.ch\\\/wordpress\\\/\",\"name\":\"Amdama Arts\",\"description\":\"\",\"publisher\":{\"@id\":\"https:\\\/\\\/www.amdama-arts.ch\\\/wordpress\\\/#organization\"},\"potentialAction\":[{\"@type\":\"SearchAction\",\"target\":{\"@type\":\"EntryPoint\",\"urlTemplate\":\"https:\\\/\\\/www.amdama-arts.ch\\\/wordpress\\\/?s={search_term_string}\"},\"query-input\":{\"@type\":\"PropertyValueSpecification\",\"valueRequired\":true,\"valueName\":\"search_term_string\"}}],\"inLanguage\":\"en-US\"},{\"@type\":\"Organization\",\"@id\":\"https:\\\/\\\/www.amdama-arts.ch\\\/wordpress\\\/#organization\",\"name\":\"Amdama Arts\",\"url\":\"https:\\\/\\\/www.amdama-arts.ch\\\/wordpress\\\/\",\"logo\":{\"@type\":\"ImageObject\",\"inLanguage\":\"en-US\",\"@id\":\"https:\\\/\\\/www.amdama-arts.ch\\\/wordpress\\\/#\\\/schema\\\/logo\\\/image\\\/\",\"url\":\"https:\\\/\\\/www.amdama-arts.ch\\\/wordpress\\\/wp-content\\\/uploads\\\/2018\\\/03\\\/logo-1.png\",\"contentUrl\":\"https:\\\/\\\/www.amdama-arts.ch\\\/wordpress\\\/wp-content\\\/uploads\\\/2018\\\/03\\\/logo-1.png\",\"width\":777,\"height\":435,\"caption\":\"Amdama Arts\"},\"image\":{\"@id\":\"https:\\\/\\\/www.amdama-arts.ch\\\/wordpress\\\/#\\\/schema\\\/logo\\\/image\\\/\"}}]}<\/script>\n<!-- \/ Yoast SEO plugin. -->","yoast_head_json":{"title":"Yaoi Generation 2025 - Gold - Amdama Arts","robots":{"index":"index","follow":"follow","max-snippet":"max-snippet:-1","max-image-preview":"max-image-preview:large","max-video-preview":"max-video-preview:-1"},"canonical":"https:\/\/www.amdama-arts.ch\/wordpress\/produit\/yaoi-generation-2025-gold\/","og_locale":"en_US","og_type":"article","og_title":"Yaoi Generation 2025 - Gold - Amdama Arts","og_description":"Billet d'entr\u00e9e avec quelques cadeaux et acc\u00e8s \u00e0 la projection de clips K-pop, de films BL, de mangas et de stands de cr\u00e9ateurs, au Butler Caf\u00e9, au spectacle de danse et aux animations de la journ\u00e9e.   3 pins  Marques-pages  3 posters A3  Un bon pour une p\u00e2tisserie + une boisson au choix (sauf Bubble Tea) au Butler Caf\u00e9  1 manga Yaoi de votre choix sur le stand de Tanigami  ---------------------------------------  Entrance ticket with some goodies and access to the screening of K-pop clips, BL films, manga and designer stands, Butler Caf\u00e9, dance show and daytime entertainment.    3 pins   Bookmarks   3 A3\u2032 posters  A voucher for a pastry + a drink of your choice (except Bubble Tea) at the Butler Caf\u00e9   1 Yaoi manga of your choice at the Tanigami stand","og_url":"https:\/\/www.amdama-arts.ch\/wordpress\/produit\/yaoi-generation-2025-gold\/","og_site_name":"Amdama Arts","article_modified_time":"2025-10-03T21:03:37+00:00","og_image":[{"width":480,"height":480,"url":"https:\/\/www.amdama-arts.ch\/wordpress\/wp-content\/uploads\/2024\/08\/gold.jpeg","type":"image\/jpeg"}],"twitter_card":"summary_large_image","twitter_misc":{"Est. reading time":"1 minute"},"schema":{"@context":"https:\/\/schema.org","@graph":[{"@type":"WebPage","@id":"https:\/\/www.amdama-arts.ch\/wordpress\/produit\/yaoi-generation-2025-gold\/","url":"https:\/\/www.amdama-arts.ch\/wordpress\/produit\/yaoi-generation-2025-gold\/","name":"Yaoi Generation 2025 - Gold - Amdama Arts","isPartOf":{"@id":"https:\/\/www.amdama-arts.ch\/wordpress\/#website"},"primaryImageOfPage":{"@id":"https:\/\/www.amdama-arts.ch\/wordpress\/produit\/yaoi-generation-2025-gold\/#primaryimage"},"image":{"@id":"https:\/\/www.amdama-arts.ch\/wordpress\/produit\/yaoi-generation-2025-gold\/#primaryimage"},"thumbnailUrl":"https:\/\/www.amdama-arts.ch\/wordpress\/wp-content\/uploads\/2024\/08\/gold.jpeg","datePublished":"2025-08-07T05:50:38+00:00","dateModified":"2025-10-03T21:03:37+00:00","breadcrumb":{"@id":"https:\/\/www.amdama-arts.ch\/wordpress\/produit\/yaoi-generation-2025-gold\/#breadcrumb"},"inLanguage":"en-US","potentialAction":[{"@type":"ReadAction","target":["https:\/\/www.amdama-arts.ch\/wordpress\/produit\/yaoi-generation-2025-gold\/"]}]},{"@type":"ImageObject","inLanguage":"en-US","@id":"https:\/\/www.amdama-arts.ch\/wordpress\/produit\/yaoi-generation-2025-gold\/#primaryimage","url":"https:\/\/www.amdama-arts.ch\/wordpress\/wp-content\/uploads\/2024\/08\/gold.jpeg","contentUrl":"https:\/\/www.amdama-arts.ch\/wordpress\/wp-content\/uploads\/2024\/08\/gold.jpeg","width":480,"height":480},{"@type":"BreadcrumbList","@id":"https:\/\/www.amdama-arts.ch\/wordpress\/produit\/yaoi-generation-2025-gold\/#breadcrumb","itemListElement":[{"@type":"ListItem","position":1,"name":"Home","item":"https:\/\/www.amdama-arts.ch\/wordpress\/"},{"@type":"ListItem","position":2,"name":"Shop","item":"https:\/\/www.amdama-arts.ch\/wordpress\/shop\/"},{"@type":"ListItem","position":3,"name":"Yaoi Generation 2025 &#8211; Gold"}]},{"@type":"WebSite","@id":"https:\/\/www.amdama-arts.ch\/wordpress\/#website","url":"https:\/\/www.amdama-arts.ch\/wordpress\/","name":"Amdama Arts","description":"","publisher":{"@id":"https:\/\/www.amdama-arts.ch\/wordpress\/#organization"},"potentialAction":[{"@type":"SearchAction","target":{"@type":"EntryPoint","urlTemplate":"https:\/\/www.amdama-arts.ch\/wordpress\/?s={search_term_string}"},"query-input":{"@type":"PropertyValueSpecification","valueRequired":true,"valueName":"search_term_string"}}],"inLanguage":"en-US"},{"@type":"Organization","@id":"https:\/\/www.amdama-arts.ch\/wordpress\/#organization","name":"Amdama Arts","url":"https:\/\/www.amdama-arts.ch\/wordpress\/","logo":{"@type":"ImageObject","inLanguage":"en-US","@id":"https:\/\/www.amdama-arts.ch\/wordpress\/#\/schema\/logo\/image\/","url":"https:\/\/www.amdama-arts.ch\/wordpress\/wp-content\/uploads\/2018\/03\/logo-1.png","contentUrl":"https:\/\/www.amdama-arts.ch\/wordpress\/wp-content\/uploads\/2018\/03\/logo-1.png","width":777,"height":435,"caption":"Amdama Arts"},"image":{"@id":"https:\/\/www.amdama-arts.ch\/wordpress\/#\/schema\/logo\/image\/"}}]}},"_links":{"self":[{"href":"https:\/\/www.amdama-arts.ch\/wordpress\/wp-json\/wp\/v2\/product\/1350","targetHints":{"allow":["GET"]}}],"collection":[{"href":"https:\/\/www.amdama-arts.ch\/wordpress\/wp-json\/wp\/v2\/product"}],"about":[{"href":"https:\/\/www.amdama-arts.ch\/wordpress\/wp-json\/wp\/v2\/types\/product"}],"replies":[{"embeddable":true,"href":"https:\/\/www.amdama-arts.ch\/wordpress\/wp-json\/wp\/v2\/comments?post=1350"}],"wp:featuredmedia":[{"embeddable":true,"href":"https:\/\/www.amdama-arts.ch\/wordpress\/wp-json\/wp\/v2\/media\/1247"}],"wp:attachment":[{"href":"https:\/\/www.amdama-arts.ch\/wordpress\/wp-json\/wp\/v2\/media?parent=1350"}],"wp:term":[{"taxonomy":"product_brand","embeddable":true,"href":"https:\/\/www.amdama-arts.ch\/wordpress\/wp-json\/wp\/v2\/product_brand?post=1350"},{"taxonomy":"product_cat","embeddable":true,"href":"https:\/\/www.amdama-arts.ch\/wordpress\/wp-json\/wp\/v2\/product_cat?post=1350"},{"taxonomy":"product_tag","embeddable":true,"href":"https:\/\/www.amdama-arts.ch\/wordpress\/wp-json\/wp\/v2\/product_tag?post=1350"}],"curies":[{"name":"wp","href":"https:\/\/api.w.org\/{rel}","templated":true}]}}